{"id":8346,"date":"2022-04-05T13:54:29","date_gmt":"2022-04-05T13:54:29","guid":{"rendered":"https:\/\/divinumgastroteka.com\/our-team\/"},"modified":"2024-01-11T09:01:58","modified_gmt":"2024-01-11T09:01:58","slug":"our-team","status":"publish","type":"page","link":"https:\/\/divinumgastroteka.com\/en\/our-team\/","title":{"rendered":"Our Team"},"content":{"rendered":"\t\t<div data-elementor-type=\"wp-page\" data-elementor-id=\"8346\" class=\"elementor elementor-8346 elementor-4890\">\n\t\t\t\t\t\t<section class=\"elementor-section elementor-top-section elementor-element elementor-element-4d32641e pt-section-content-fullwidth pt_scroll_y_120 pt-parallax-on-scroll elementor-section-boxed elementor-section-height-default elementor-section-height-default\" data-id=\"4d32641e\" data-element_type=\"section\" data-e-type=\"section\" data-settings=\"{&quot;background_background&quot;:&quot;classic&quot;}\" data-pt-parallax-y=\"120\" style=\"background-image: none;\" data-pt-background-image=\"https:\/\/divinumgastroteka.com\/wp-content\/uploads\/2022\/11\/divinum_gastroteka_nosotros.png\">\n\t\t\t\t\t\t\t<div class=\"elementor-background-overlay\"><\/div>\n\t\t\t\t\t\t\t<div class=\"elementor-container elementor-column-gap-no\">\n\t\t\t\t\t<div class=\"elementor-column elementor-col-100 elementor-top-column elementor-element elementor-element-156f2740 dark-color\" data-id=\"156f2740\" data-element_type=\"column\" data-e-type=\"column\">\n\t\t\t<div class=\"elementor-widget-wrap elementor-element-populated\">\n\t\t\t\t\t\t<div class=\"elementor-element elementor-element-61378f01 elementor-widget elementor-widget-pt_title\" data-id=\"61378f01\" data-element_type=\"widget\" data-e-type=\"widget\" data-widget_type=\"pt_title.default\">\n\t\t\t\t<div class=\"elementor-widget-container\">\n\t\t\t\t\t\n        <div class=\"pt-title-wrap text-center\">\t            <div class=\"pt-subtitle-wrap\"><span class=\"pt-subtitle color-white style-bordered\">KNOW US<\/span><\/div>\t            <h1 class=\"pt-title\">\n\t                OUR HISTORY\t            <\/h1>        <\/div>\t\t\t\t<\/div>\n\t\t\t\t<\/div>\n\t\t\t\t\t<\/div>\n\t\t<\/div>\n\t\t\t\t\t<\/div>\n\t\t<\/section>\n\t\t\t\t<section class=\"elementor-section elementor-top-section elementor-element elementor-element-7f92fd17 elementor-section-boxed elementor-section-height-default elementor-section-height-default\" data-id=\"7f92fd17\" data-element_type=\"section\" data-e-type=\"section\">\n\t\t\t\t\t\t<div class=\"elementor-container elementor-column-gap-no\">\n\t\t\t\t\t<div class=\"elementor-column elementor-col-100 elementor-top-column elementor-element elementor-element-7e04178b\" data-id=\"7e04178b\" data-element_type=\"column\" data-e-type=\"column\">\n\t\t\t<div class=\"elementor-widget-wrap elementor-element-populated\">\n\t\t\t\t\t\t<div class=\"elementor-element elementor-element-431c3fc7 elementor-widget elementor-widget-pt_title\" data-id=\"431c3fc7\" data-element_type=\"widget\" data-e-type=\"widget\" data-widget_type=\"pt_title.default\">\n\t\t\t\t<div class=\"elementor-widget-container\">\n\t\t\t\t\t\n        <div class=\"pt-title-wrap text-center\">\t            <div class=\"pt-subtitle-wrap\"><span class=\"pt-subtitle\">NOSOTROS - DIVINUM GASTROTEKA<\/span><\/div>\t            <h2 class=\"pt-title\">\n\t                Divinum Gastroteka is made up of a team of people with a clear vocation towards the customer. We do not lose our neighborhood character by offering a close and welcoming service. Our goal is to offer excellent service and quality products. We pay special attention to our wine list to offer good advice on their selection.\t            <\/h2>\t            <div class=\"pt-title-text\">\n\t                <p><strong><a href=\"https:\/\/divinumgastroteka.com\/en\/menu\/\">KNOW OUR GASTRONOMIC OFFER<\/a><\/strong><\/p>\t            <\/div>        <\/div>\t\t\t\t<\/div>\n\t\t\t\t<\/div>\n\t\t\t\t\t<\/div>\n\t\t<\/div>\n\t\t\t\t\t<\/div>\n\t\t<\/section>\n\t\t\t\t<section class=\"elementor-section elementor-top-section elementor-element elementor-element-24c9d247 elementor-section-full_width elementor-section-height-default elementor-section-height-default\" data-id=\"24c9d247\" data-element_type=\"section\" data-e-type=\"section\">\n\t\t\t\t\t\t<div class=\"elementor-container elementor-column-gap-no\">\n\t\t\t\t\t<div class=\"elementor-column elementor-col-100 elementor-top-column elementor-element elementor-element-77feecbe\" data-id=\"77feecbe\" data-element_type=\"column\" data-e-type=\"column\">\n\t\t\t<div class=\"elementor-widget-wrap elementor-element-populated\">\n\t\t\t\t\t\t<div class=\"elementor-element elementor-element-8ccf9d8 elementor-widget elementor-widget-spacer\" data-id=\"8ccf9d8\" data-element_type=\"widget\" data-e-type=\"widget\" data-widget_type=\"spacer.default\">\n\t\t\t\t<div class=\"elementor-widget-container\">\n\t\t\t\t\t\t\t<div class=\"elementor-spacer\">\n\t\t\t<div class=\"elementor-spacer-inner\"><\/div>\n\t\t<\/div>\n\t\t\t\t\t\t<\/div>\n\t\t\t\t<\/div>\n\t\t\t\t<div class=\"elementor-element elementor-element-05f24c5 elementor-widget elementor-widget-spacer\" data-id=\"05f24c5\" data-element_type=\"widget\" data-e-type=\"widget\" data-widget_type=\"spacer.default\">\n\t\t\t\t<div class=\"elementor-widget-container\">\n\t\t\t\t\t\t\t<div class=\"elementor-spacer\">\n\t\t\t<div class=\"elementor-spacer-inner\"><\/div>\n\t\t<\/div>\n\t\t\t\t\t\t<\/div>\n\t\t\t\t<\/div>\n\t\t\t\t<div class=\"elementor-element elementor-element-172bf2e6 elementor-widget elementor-widget-pt_instagram\" data-id=\"172bf2e6\" data-element_type=\"widget\" data-e-type=\"widget\" data-widget_type=\"pt_instagram.default\">\n\t\t\t\t<div class=\"elementor-widget-container\">\n\t\t\t\t\t\n        <div class=\"pt-instagram column-mosaic small-gap\">\t                <ul>\t                        <li><div class=\"feed-bg\" style=\"background-image:url(https:\/\/divinumgastroteka.com\/wp-content\/uploads\/2022\/11\/divinum_nosotros-2.png);\"><\/div><\/li>\t                        <li><div class=\"feed-bg\" style=\"background-image:url(https:\/\/divinumgastroteka.com\/wp-content\/uploads\/2022\/11\/divinum_nosotros-3.png);\"><\/div><\/li>\t                        <li><div class=\"feed-bg\" style=\"background-image:url(https:\/\/divinumgastroteka.com\/wp-content\/uploads\/2022\/11\/divinum_nosotros-4.png);\"><\/div><\/li>\t                        <li><div class=\"feed-bg\" style=\"background-image:url(https:\/\/divinumgastroteka.com\/wp-content\/uploads\/2022\/11\/divinum_nosotros-7.png);\"><\/div><\/li>\t                        <li><div class=\"feed-bg\" style=\"background-image:url(https:\/\/divinumgastroteka.com\/wp-content\/uploads\/2022\/11\/divinum_nosotros-5.png);\"><\/div><\/li>\t                        <li><div class=\"feed-bg\" style=\"background-image:url(https:\/\/divinumgastroteka.com\/wp-content\/uploads\/2022\/11\/divinum_nosotros_6.png);\"><\/div><\/li>\t                <\/ul>        <\/div>\t\t\t\t<\/div>\n\t\t\t\t<\/div>\n\t\t\t\t\t<\/div>\n\t\t<\/div>\n\t\t\t\t\t<\/div>\n\t\t<\/section>\n\t\t\t\t<section class=\"elementor-section elementor-top-section elementor-element elementor-element-60093ddd pt-animation-medium-offset elementor-section-boxed elementor-section-height-default elementor-section-height-default elementor-invisible\" data-id=\"60093ddd\" data-element_type=\"section\" data-e-type=\"section\" data-settings=\"{&quot;background_background&quot;:&quot;classic&quot;,&quot;animation&quot;:&quot;fadeInUp&quot;,&quot;animation_delay&quot;:300}\">\n\t\t\t\t\t\t\t<div class=\"elementor-background-overlay\"><\/div>\n\t\t\t\t\t\t\t<div class=\"elementor-container elementor-column-gap-no\">\n\t\t\t\t\t<div class=\"elementor-column elementor-col-100 elementor-top-column elementor-element elementor-element-16439fab\" data-id=\"16439fab\" data-element_type=\"column\" data-e-type=\"column\">\n\t\t\t<div class=\"elementor-widget-wrap elementor-element-populated\">\n\t\t\t\t\t\t<div class=\"elementor-element elementor-element-15f4017e elementor-widget elementor-widget-pt_title\" data-id=\"15f4017e\" data-element_type=\"widget\" data-e-type=\"widget\" data-widget_type=\"pt_title.default\">\n\t\t\t\t<div class=\"elementor-widget-container\">\n\t\t\t\t\t\n        <div class=\"pt-title-wrap text-center\">\t            <div class=\"pt-subtitle-wrap\"><span class=\"pt-subtitle style-bordered\">Testimonials<\/span><\/div>\t            <h2 class=\"pt-title\">\n\t                WHAT YOU THINK ABOUT US\t            <\/h2>\t            <div class=\"pt-title-text\">\n\t                <p>Find out everything our customers say about us on <a href=\"https:\/\/www.google.com\/search?q=google+divinum+gastroteka&amp;rlz=1C1CHBD_esES1021ES1021&amp;oq=google+divinum+gastroteka&amp;aqs=chrome..69i57j69i64.6927j0j7&amp;sourceid=chrome&amp;ie=UTF-8#lrd=0xd51aff1a90d16ab:0xf186fced3583f9d2,1,,,\">Google<\/a>!<\/p>\t            <\/div>        <\/div>\t\t\t\t<\/div>\n\t\t\t\t<\/div>\n\t\t\t\t<div class=\"elementor-element elementor-element-6b840783 elementor-widget elementor-widget-pt_testimonials\" data-id=\"6b840783\" data-element_type=\"widget\" data-e-type=\"widget\" data-widget_type=\"pt_testimonials.default\">\n\t\t\t\t<div class=\"elementor-widget-container\">\n\t\t\t\t\t\n            <div class=\"pt-testimonials testimonial-style-1 text-center testimonials-slider\" data-column=\"3\" data-autoplay=\"on\" data-autoplay-speed=\"5000\" data-show-arrows=\"\" data-show-dots=\"on\"><div class=\"pt-ts-wrap\"><div class=\"pt-ts-item\">                    <div class=\"pt-testimonial\">                        <div class=\"pt-testimonial-content\">He acudido varias veces y muy buena calidad y servicio. Muy atentos todos y un encanto y gran profesional Irune. Seguir\u00e9 yendo.<\/div>                        <div class=\"pt-testimonial-meta\">\n                            <div class=\"elementor-testimonial-meta-inner\">\t                                <div class=\"elementor-testimonial-details\">\t                                    <div class=\"elementor-testimonial-name\">Jos\u00e9 \u00c1ngel<\/div>\t\t\t\t\t\t\t\t\t<\/div>                            <\/div>\n                        <\/div>                    <\/div><\/div><div class=\"pt-ts-item\">                    <div class=\"pt-testimonial\">                        <div class=\"pt-testimonial-content\">Nos gust\u00f3 mucho todo lo que pedimos. Uno de los platos que me ped\u00ed fue las tostas de txangurro , ya que el txangurro es t\u00edpico de all\u00ed, estaba para chuparse los dedos. Todo el personal que trabaja all\u00ed muy agradable y el trato es buen\u00edsimo. El precio est\u00e1 muy bien para la buen\u00edsima calidad que tiene la comida. Muy recomendable al 100%. Repetiremos!!!  <\/div>                        <div class=\"pt-testimonial-meta\">\n                            <div class=\"elementor-testimonial-meta-inner\">\t                                <div class=\"elementor-testimonial-details\">\t                                    <div class=\"elementor-testimonial-name\">Geni<\/div>\t\t\t\t\t\t\t\t\t<\/div>                            <\/div>\n                        <\/div>                    <\/div><\/div><div class=\"pt-ts-item\">                    <div class=\"pt-testimonial\">                        <div class=\"pt-testimonial-content\">Nos gust\u00f3 mucho el pescado, estaba en su punto. Es una vinoteca y nos supieron asesorar muy bien en cuanto al vino, la camarera s\u00faper profesional y amable. Repetiremos seguro. Totalmente recomendable.<\/div>                        <div class=\"pt-testimonial-meta\">\n                            <div class=\"elementor-testimonial-meta-inner\">\t                                <div class=\"elementor-testimonial-details\">\t                                    <div class=\"elementor-testimonial-name\">Bel\u00e9n<\/div>\t\t\t\t\t\t\t\t\t<\/div>                            <\/div>\n                        <\/div>                    <\/div><\/div><div class=\"pt-ts-item\">                    <div class=\"pt-testimonial\">                        <div class=\"pt-testimonial-content\">El personal muy atento y la comida est\u00e1 muy buena, mucha variedad de pintxos. 100%recomendable.<\/div>                        <div class=\"pt-testimonial-meta\">\n                            <div class=\"elementor-testimonial-meta-inner\">\t                                <div class=\"elementor-testimonial-details\">\t                                    <div class=\"elementor-testimonial-name\">Ianire<\/div>\t\t\t\t\t\t\t\t\t<\/div>                            <\/div>\n                        <\/div>                    <\/div><\/div><div class=\"pt-ts-item\">                    <div class=\"pt-testimonial\">                        <div class=\"pt-testimonial-content\">Me ha encantado el sitio, es econ\u00f3mico la comida s\u00faper rica, las cantidades considerables y la atenci\u00f3n s\u00faper bien son s\u00faper atentos y s\u00faper majos, sin duda para repetir.<\/div>                        <div class=\"pt-testimonial-meta\">\n                            <div class=\"elementor-testimonial-meta-inner\">\t                                <div class=\"elementor-testimonial-details\">\t                                    <div class=\"elementor-testimonial-name\">Maitane<\/div>\t\t\t\t\t\t\t\t\t<\/div>                            <\/div>\n                        <\/div>                    <\/div><\/div><div class=\"pt-ts-item\">                    <div class=\"pt-testimonial\">                        <div class=\"pt-testimonial-content\">Una comida casera riquisima!!el trato estupendo,la camarera me recomendo un par de platos y acerto!!recomiendo 100%<\/div>                        <div class=\"pt-testimonial-meta\">\n                            <div class=\"elementor-testimonial-meta-inner\">\t                                <div class=\"elementor-testimonial-details\">\t                                    <div class=\"elementor-testimonial-name\">Karen<\/div>\t\t\t\t\t\t\t\t\t<\/div>                            <\/div>\n                        <\/div>                    <\/div><\/div><\/div>            <\/div>\t\t\t\t<\/div>\n\t\t\t\t<\/div>\n\t\t\t\t\t<\/div>\n\t\t<\/div>\n\t\t\t\t\t<\/div>\n\t\t<\/section>\n\t\t\t\t<section class=\"elementor-section elementor-top-section elementor-element elementor-element-6cbfa93 elementor-section-boxed elementor-section-height-default elementor-section-height-default\" data-id=\"6cbfa93\" data-element_type=\"section\" data-e-type=\"section\">\n\t\t\t\t\t\t<div class=\"elementor-container elementor-column-gap-default\">\n\t\t\t\t\t<div class=\"elementor-column elementor-col-100 elementor-top-column elementor-element elementor-element-352cb19\" data-id=\"352cb19\" data-element_type=\"column\" data-e-type=\"column\">\n\t\t\t<div class=\"elementor-widget-wrap elementor-element-populated\">\n\t\t\t\t\t\t<div class=\"elementor-element elementor-element-315d184 elementor-widget elementor-widget-spacer\" data-id=\"315d184\" data-element_type=\"widget\" data-e-type=\"widget\" data-widget_type=\"spacer.default\">\n\t\t\t\t<div class=\"elementor-widget-container\">\n\t\t\t\t\t\t\t<div class=\"elementor-spacer\">\n\t\t\t<div class=\"elementor-spacer-inner\"><\/div>\n\t\t<\/div>\n\t\t\t\t\t\t<\/div>\n\t\t\t\t<\/div>\n\t\t\t\t\t<\/div>\n\t\t<\/div>\n\t\t\t\t\t<\/div>\n\t\t<\/section>\n\t\t\t\t<section class=\"elementor-section elementor-top-section elementor-element elementor-element-6fad89a elementor-section-boxed elementor-section-height-default elementor-section-height-default\" data-id=\"6fad89a\" data-element_type=\"section\" data-e-type=\"section\">\n\t\t\t\t\t\t<div class=\"elementor-container elementor-column-gap-default\">\n\t\t\t\t\t<div class=\"elementor-column elementor-col-100 elementor-top-column elementor-element elementor-element-507c456\" data-id=\"507c456\" data-element_type=\"column\" data-e-type=\"column\">\n\t\t\t<div class=\"elementor-widget-wrap elementor-element-populated\">\n\t\t\t\t\t\t<div class=\"elementor-element elementor-element-e343bf4 elementor-widget elementor-widget-spacer\" data-id=\"e343bf4\" data-element_type=\"widget\" data-e-type=\"widget\" data-widget_type=\"spacer.default\">\n\t\t\t\t<div class=\"elementor-widget-container\">\n\t\t\t\t\t\t\t<div class=\"elementor-spacer\">\n\t\t\t<div class=\"elementor-spacer-inner\"><\/div>\n\t\t<\/div>\n\t\t\t\t\t\t<\/div>\n\t\t\t\t<\/div>\n\t\t\t\t\t<\/div>\n\t\t<\/div>\n\t\t\t\t\t<\/div>\n\t\t<\/section>\n\t\t\t\t<\/div>\n\t\t","protected":false},"excerpt":{"rendered":"<p>KNOW US OUR HISTORY NOSOTROS &#8211; DIVINUM GASTROTEKA Divinum Gastroteka is made up of a team of people with a clear vocation towards the customer. We do not lose our neighborhood character by offering a close and welcoming service. Our goal is to offer excellent service and quality products. We pay special attention to our &#8230;<\/p>\n","protected":false},"author":1,"featured_media":0,"parent":0,"menu_order":0,"comment_status":"closed","ping_status":"closed","template":"template-wide-content.php","meta":{"patiotime_single_page_hide_site_header":"","patiotime_single_page_site_header_source":"","patiotime_single_page_custom_site_header":"0","patiotime_single_page_custom_sticky_site_header":"0","patiotime_single_page_hide_page_title":"","patiotime_single_page_header_section_size":"","patiotime_single_page_header_background_color":"","patiotime_single_page_header_background_position_x":"center","patiotime_single_page_header_background_position_y":"center","patiotime_single_page_header_background_size":"cover","patiotime_single_page_header_background_repeat":"off","patiotime_single_page_header_background_scroll":"on","patiotime_single_page_header_text_color":"","patiotime_single_page_header_show_breadcrumb":"","patiotime_single_page_site_footer_hide_main":"","patiotime_single_custom_site_footer_main_source":"","patiotime_single_custom_site_footer_main":"0","patiotime_single_page_site_footer_hide_above":"","patiotime_single_custom_site_footer_above_source":"","patiotime_single_custom_site_footer_above":"0","patiotime_single_page_site_footer_hide_instagram":"","patiotime_single_page_site_footer_hide_bottom":"","patiotime_single_custom_mobile_menu_source":"","patiotime_single_custom_mobile_menu":"0","patiotime_single_custom_mobile_menu_animation":"","patiotime_single_custom_mobile_menu_width":"","patiotime_single_custom_mobile_menu_custom_width":375,"footnotes":""},"class_list":["post-8346","page","type-page","status-publish","hentry"],"yoast_head":"<!-- This site is optimized with the Yoast SEO plugin v26.9 - https:\/\/yoast.com\/product\/yoast-seo-wordpress\/ -->\n<title>Divinum Gastroteka located in the Amara neighborhood - Donostia<\/title>\n<meta name=\"description\" content=\"Divinum Gastroteka is formed by us, a team of people with a clear vocation towards the customer and maintaining the neighborhood character.\" \/>\n<meta name=\"robots\" content=\"index, follow, max-snippet:-1, max-image-preview:large, max-video-preview:-1\" \/>\n<link rel=\"canonical\" href=\"https:\/\/divinumgastroteka.com\/en\/our-team\/\" \/>\n<meta property=\"og:locale\" content=\"en_US\" \/>\n<meta property=\"og:type\" content=\"article\" \/>\n<meta property=\"og:title\" content=\"Divinum Gastroteka located in the Amara neighborhood - Donostia\" \/>\n<meta property=\"og:description\" content=\"Divinum Gastroteka is formed by us, a team of people with a clear vocation towards the customer and maintaining the neighborhood character.\" \/>\n<meta property=\"og:url\" content=\"https:\/\/divinumgastroteka.com\/en\/our-team\/\" \/>\n<meta property=\"og:site_name\" content=\"Divinum Gastroteka\" \/>\n<meta property=\"article:modified_time\" content=\"2024-01-11T09:01:58+00:00\" \/>\n<meta name=\"twitter:card\" content=\"summary_large_image\" \/>\n<meta name=\"twitter:label1\" content=\"Est. reading time\" \/>\n\t<meta name=\"twitter:data1\" content=\"1 minute\" \/>\n<script type=\"application\/ld+json\" class=\"yoast-schema-graph\">{\"@context\":\"https:\/\/schema.org\",\"@graph\":[{\"@type\":\"WebPage\",\"@id\":\"https:\/\/divinumgastroteka.com\/en\/our-team\/\",\"url\":\"https:\/\/divinumgastroteka.com\/en\/our-team\/\",\"name\":\"Divinum Gastroteka located in the Amara neighborhood - Donostia\",\"isPartOf\":{\"@id\":\"https:\/\/divinumgastroteka.com\/en\/#website\"},\"datePublished\":\"2022-04-05T13:54:29+00:00\",\"dateModified\":\"2024-01-11T09:01:58+00:00\",\"description\":\"Divinum Gastroteka is formed by us, a team of people with a clear vocation towards the customer and maintaining the neighborhood character.\",\"breadcrumb\":{\"@id\":\"https:\/\/divinumgastroteka.com\/en\/our-team\/#breadcrumb\"},\"inLanguage\":\"en-US\",\"potentialAction\":[{\"@type\":\"ReadAction\",\"target\":[\"https:\/\/divinumgastroteka.com\/en\/our-team\/\"]}]},{\"@type\":\"BreadcrumbList\",\"@id\":\"https:\/\/divinumgastroteka.com\/en\/our-team\/#breadcrumb\",\"itemListElement\":[{\"@type\":\"ListItem\",\"position\":1,\"name\":\"Home\",\"item\":\"https:\/\/divinumgastroteka.com\/en\/\"},{\"@type\":\"ListItem\",\"position\":2,\"name\":\"Our Team\"}]},{\"@type\":\"WebSite\",\"@id\":\"https:\/\/divinumgastroteka.com\/en\/#website\",\"url\":\"https:\/\/divinumgastroteka.com\/en\/\",\"name\":\"Divinum Gastroteka\",\"description\":\"\",\"publisher\":{\"@id\":\"https:\/\/divinumgastroteka.com\/en\/#organization\"},\"potentialAction\":[{\"@type\":\"SearchAction\",\"target\":{\"@type\":\"EntryPoint\",\"urlTemplate\":\"https:\/\/divinumgastroteka.com\/en\/?s={search_term_string}\"},\"query-input\":{\"@type\":\"PropertyValueSpecification\",\"valueRequired\":true,\"valueName\":\"search_term_string\"}}],\"inLanguage\":\"en-US\"},{\"@type\":\"Organization\",\"@id\":\"https:\/\/divinumgastroteka.com\/en\/#organization\",\"name\":\"Divinum Gastroteka\",\"url\":\"https:\/\/divinumgastroteka.com\/en\/\",\"logo\":{\"@type\":\"ImageObject\",\"inLanguage\":\"en-US\",\"@id\":\"https:\/\/divinumgastroteka.com\/en\/#\/schema\/logo\/image\/\",\"url\":\"https:\/\/divinumgastroteka.com\/wp-content\/uploads\/2022\/09\/cropped-logo.png\",\"contentUrl\":\"https:\/\/divinumgastroteka.com\/wp-content\/uploads\/2022\/09\/cropped-logo.png\",\"width\":390,\"height\":427,\"caption\":\"Divinum Gastroteka\"},\"image\":{\"@id\":\"https:\/\/divinumgastroteka.com\/en\/#\/schema\/logo\/image\/\"}}]}<\/script>\n<!-- \/ Yoast SEO plugin. -->","yoast_head_json":{"title":"Divinum Gastroteka located in the Amara neighborhood - Donostia","description":"Divinum Gastroteka is formed by us, a team of people with a clear vocation towards the customer and maintaining the neighborhood character.","robots":{"index":"index","follow":"follow","max-snippet":"max-snippet:-1","max-image-preview":"max-image-preview:large","max-video-preview":"max-video-preview:-1"},"canonical":"https:\/\/divinumgastroteka.com\/en\/our-team\/","og_locale":"en_US","og_type":"article","og_title":"Divinum Gastroteka located in the Amara neighborhood - Donostia","og_description":"Divinum Gastroteka is formed by us, a team of people with a clear vocation towards the customer and maintaining the neighborhood character.","og_url":"https:\/\/divinumgastroteka.com\/en\/our-team\/","og_site_name":"Divinum Gastroteka","article_modified_time":"2024-01-11T09:01:58+00:00","twitter_card":"summary_large_image","twitter_misc":{"Est. reading time":"1 minute"},"schema":{"@context":"https:\/\/schema.org","@graph":[{"@type":"WebPage","@id":"https:\/\/divinumgastroteka.com\/en\/our-team\/","url":"https:\/\/divinumgastroteka.com\/en\/our-team\/","name":"Divinum Gastroteka located in the Amara neighborhood - Donostia","isPartOf":{"@id":"https:\/\/divinumgastroteka.com\/en\/#website"},"datePublished":"2022-04-05T13:54:29+00:00","dateModified":"2024-01-11T09:01:58+00:00","description":"Divinum Gastroteka is formed by us, a team of people with a clear vocation towards the customer and maintaining the neighborhood character.","breadcrumb":{"@id":"https:\/\/divinumgastroteka.com\/en\/our-team\/#breadcrumb"},"inLanguage":"en-US","potentialAction":[{"@type":"ReadAction","target":["https:\/\/divinumgastroteka.com\/en\/our-team\/"]}]},{"@type":"BreadcrumbList","@id":"https:\/\/divinumgastroteka.com\/en\/our-team\/#breadcrumb","itemListElement":[{"@type":"ListItem","position":1,"name":"Home","item":"https:\/\/divinumgastroteka.com\/en\/"},{"@type":"ListItem","position":2,"name":"Our Team"}]},{"@type":"WebSite","@id":"https:\/\/divinumgastroteka.com\/en\/#website","url":"https:\/\/divinumgastroteka.com\/en\/","name":"Divinum Gastroteka","description":"","publisher":{"@id":"https:\/\/divinumgastroteka.com\/en\/#organization"},"potentialAction":[{"@type":"SearchAction","target":{"@type":"EntryPoint","urlTemplate":"https:\/\/divinumgastroteka.com\/en\/?s={search_term_string}"},"query-input":{"@type":"PropertyValueSpecification","valueRequired":true,"valueName":"search_term_string"}}],"inLanguage":"en-US"},{"@type":"Organization","@id":"https:\/\/divinumgastroteka.com\/en\/#organization","name":"Divinum Gastroteka","url":"https:\/\/divinumgastroteka.com\/en\/","logo":{"@type":"ImageObject","inLanguage":"en-US","@id":"https:\/\/divinumgastroteka.com\/en\/#\/schema\/logo\/image\/","url":"https:\/\/divinumgastroteka.com\/wp-content\/uploads\/2022\/09\/cropped-logo.png","contentUrl":"https:\/\/divinumgastroteka.com\/wp-content\/uploads\/2022\/09\/cropped-logo.png","width":390,"height":427,"caption":"Divinum Gastroteka"},"image":{"@id":"https:\/\/divinumgastroteka.com\/en\/#\/schema\/logo\/image\/"}}]}},"_links":{"self":[{"href":"https:\/\/divinumgastroteka.com\/en\/wp-json\/wp\/v2\/pages\/8346","targetHints":{"allow":["GET"]}}],"collection":[{"href":"https:\/\/divinumgastroteka.com\/en\/wp-json\/wp\/v2\/pages"}],"about":[{"href":"https:\/\/divinumgastroteka.com\/en\/wp-json\/wp\/v2\/types\/page"}],"author":[{"embeddable":true,"href":"https:\/\/divinumgastroteka.com\/en\/wp-json\/wp\/v2\/users\/1"}],"replies":[{"embeddable":true,"href":"https:\/\/divinumgastroteka.com\/en\/wp-json\/wp\/v2\/comments?post=8346"}],"version-history":[{"count":6,"href":"https:\/\/divinumgastroteka.com\/en\/wp-json\/wp\/v2\/pages\/8346\/revisions"}],"predecessor-version":[{"id":8377,"href":"https:\/\/divinumgastroteka.com\/en\/wp-json\/wp\/v2\/pages\/8346\/revisions\/8377"}],"wp:attachment":[{"href":"https:\/\/divinumgastroteka.com\/en\/wp-json\/wp\/v2\/media?parent=8346"}],"curies":[{"name":"wp","href":"https:\/\/api.w.org\/{rel}","templated":true}]}}