{"id":8326,"date":"2022-04-05T13:54:45","date_gmt":"2022-04-05T13:54:45","guid":{"rendered":"https:\/\/divinumgastroteka.com\/contact\/"},"modified":"2024-01-11T08:57:09","modified_gmt":"2024-01-11T08:57:09","slug":"contact","status":"publish","type":"page","link":"https:\/\/divinumgastroteka.com\/fr\/contact\/","title":{"rendered":"Contact"},"content":{"rendered":"\t\t<div data-elementor-type=\"wp-page\" data-elementor-id=\"8326\" class=\"elementor elementor-8326 elementor-4892\">\n\t\t\t\t\t\t<section class=\"elementor-section elementor-top-section elementor-element elementor-element-22919a6e pt-section-content-fullwidth pt-parallax-on-scroll pt_scroll_y_120 elementor-section-boxed elementor-section-height-default elementor-section-height-default\" data-id=\"22919a6e\" data-element_type=\"section\" data-e-type=\"section\" data-settings=\"{&quot;background_background&quot;:&quot;classic&quot;}\" data-pt-parallax-y=\"120\" style=\"background-image: none;\" data-pt-background-image=\"https:\/\/divinumgastroteka.com\/wp-content\/uploads\/2022\/11\/divinum_gastroteka_contacto-main.png\">\n\t\t\t\t\t\t\t<div class=\"elementor-background-overlay\"><\/div>\n\t\t\t\t\t\t\t<div class=\"elementor-container elementor-column-gap-no\">\n\t\t\t\t\t<div class=\"elementor-column elementor-col-100 elementor-top-column elementor-element elementor-element-506879d8 dark-color\" data-id=\"506879d8\" data-element_type=\"column\" data-e-type=\"column\">\n\t\t\t<div class=\"elementor-widget-wrap elementor-element-populated\">\n\t\t\t\t\t\t<div class=\"elementor-element elementor-element-78737567 elementor-widget elementor-widget-pt_title\" data-id=\"78737567\" data-element_type=\"widget\" data-e-type=\"widget\" data-widget_type=\"pt_title.default\">\n\t\t\t\t<div class=\"elementor-widget-container\">\n\t\t\t\t\t\n        <div class=\"pt-title-wrap text-center\">\t            <h1 class=\"pt-title\">\n\t                Contactez-nous\t            <\/h1>        <\/div>\t\t\t\t<\/div>\n\t\t\t\t<\/div>\n\t\t\t\t\t<\/div>\n\t\t<\/div>\n\t\t\t\t\t<\/div>\n\t\t<\/section>\n\t\t\t\t<section class=\"elementor-section elementor-top-section elementor-element elementor-element-6b823d19 elementor-section-boxed elementor-section-height-default elementor-section-height-default\" data-id=\"6b823d19\" data-element_type=\"section\" data-e-type=\"section\">\n\t\t\t\t\t\t<div class=\"elementor-container elementor-column-gap-no\">\n\t\t\t\t\t<div class=\"elementor-column elementor-col-33 elementor-top-column elementor-element elementor-element-453931e7\" data-id=\"453931e7\" data-element_type=\"column\" data-e-type=\"column\">\n\t\t\t<div class=\"elementor-widget-wrap elementor-element-populated\">\n\t\t\t\t\t\t<div class=\"elementor-element elementor-element-492d72ef elementor-widget elementor-widget-pt_title\" data-id=\"492d72ef\" data-element_type=\"widget\" data-e-type=\"widget\" data-widget_type=\"pt_title.default\">\n\t\t\t\t<div class=\"elementor-widget-container\">\n\t\t\t\t\t\n        <div class=\"pt-title-wrap\">\t            <div class=\"pt-subtitle-wrap\"><span class=\"pt-subtitle\">emplacement<\/span><\/div>\t            <h2 class=\"pt-title\">\n\t                O\u00f9 nous trouver\t            <\/h2>\t            <div class=\"pt-title-text\">\n\t                <p>D\u00e9couvrez toute notre <a href=\"https:\/\/divinumgastroteka.com\/fr\/menu\/\">offre gastronomique<\/a> et r\u00e9servez votre place chez nous !<\/p>\t            <\/div>        <\/div>\t\t\t\t<\/div>\n\t\t\t\t<\/div>\n\t\t\t\t<div class=\"elementor-element elementor-element-75a2f82d elementor-widget elementor-widget-pt_info\" data-id=\"75a2f82d\" data-element_type=\"widget\" data-e-type=\"widget\" data-widget_type=\"pt_info.default\">\n\t\t\t\t<div class=\"elementor-widget-container\">\n\t\t\t\t\t\t            <div class=\"pt-info pt-address\">\n\t                <a href=\"https:\/\/www.google.com\/maps\/place\/Divinum\/@43.3050092,-1.9777435,17z\/data=!3m2!4b1!5s0xd51aff053712985:0x629c30f863adba62!4m5!3m4!1s0xd51aff1a90d16ab:0xf186fced3583f9d2!8m2!3d43.3050053!4d-1.9755548\">\t                    <i class=\"fas fa-map-marker-alt\"><\/i> Isabel II.a Etorb., 4, 20011 Donostia, Gipuzkoa\t                <\/a>\t            <\/div>\t\t\t\t<\/div>\n\t\t\t\t<\/div>\n\t\t\t\t<div class=\"elementor-element elementor-element-117f17f2 elementor-widget elementor-widget-pt_info\" data-id=\"117f17f2\" data-element_type=\"widget\" data-e-type=\"widget\" data-widget_type=\"pt_info.default\">\n\t\t\t\t<div class=\"elementor-widget-container\">\n\t\t\t\t\t\t            <div class=\"pt-info pt-tel\">\n\t                <a href=\"tel:943 45 79 40\">\t                    <i class=\"fas fa-phone\"><\/i> 943 45 79 40\t                <\/a>\t            <\/div>\t\t\t\t<\/div>\n\t\t\t\t<\/div>\n\t\t\t\t<div class=\"elementor-element elementor-element-6ff2ab2d elementor-widget elementor-widget-pt_info\" data-id=\"6ff2ab2d\" data-element_type=\"widget\" data-e-type=\"widget\" data-widget_type=\"pt_info.default\">\n\t\t\t\t<div class=\"elementor-widget-container\">\n\t\t\t\t\t\t            <div class=\"pt-info pt-email\">\n\t                <a href=\"mailto:info@divinumgastroteka.com\">\t                    <i class=\"far fa-envelope\"><\/i> info@divinumgastroteka.com\t                <\/a>\t            <\/div>\t\t\t\t<\/div>\n\t\t\t\t<\/div>\n\t\t\t\t<div class=\"elementor-element elementor-element-75ad46a0 elementor-widget elementor-widget-pt_button\" data-id=\"75ad46a0\" data-element_type=\"widget\" data-e-type=\"widget\" data-widget_type=\"pt_button.default\">\n\t\t\t\t<div class=\"elementor-widget-container\">\n\t\t\t\t\t        <a href=\"https:\/\/g.page\/divinumgastroteka?share\" target=\"_blank\" class=\"elementor-button-link button\" role=\"button\">\n            <span class=\"pt-btn-text\">Google Maps<\/span>\n        <\/a>\t\t\t\t<\/div>\n\t\t\t\t<\/div>\n\t\t\t\t\t<\/div>\n\t\t<\/div>\n\t\t\t\t<div class=\"elementor-column elementor-col-33 elementor-top-column elementor-element elementor-element-51e65452 elementor-hidden-tablet elementor-hidden-mobile\" data-id=\"51e65452\" data-element_type=\"column\" data-e-type=\"column\">\n\t\t\t<div class=\"elementor-widget-wrap elementor-element-populated\">\n\t\t\t\t\t\t<div class=\"elementor-element elementor-element-505b69b8 full-height elementor-widget elementor-widget-pt_vertical_divider\" data-id=\"505b69b8\" data-element_type=\"widget\" data-e-type=\"widget\" data-widget_type=\"pt_vertical_divider.default\">\n\t\t\t\t<div class=\"elementor-widget-container\">\n\t\t\t\t\t\n        <div class=\"pt-vertical-divider divider-grass\">                <div class=\"pt-vd-icon icon-start\">                    <svg xmlns=\"http:\/\/www.w3.org\/2000\/svg\" viewBox=\"0 0 31.06 29.67\">\n                        <path d=\"M36.53,21.85,31.78,18s-7.5.83-9.68,16.39C22.1,34.34,25.7,21.66,36.53,21.85Z\" transform=\"translate(-5.47 -4.66)\"><\/path>\n                        <path class=\"cls-1\" d=\"M5.47,21.85,10.22,18s7.5.83,9.68,16.39C19.9,34.34,16.3,21.66,5.47,21.85Z\" transform=\"translate(-5.47 -4.66)\"><\/path>\n                        <polygon class=\"cls-1\" points=\"15.53 0 18.66 6.56 15.53 22.16 12.39 6.56 15.53 0\"><\/polygon>\n                    <\/svg>                <\/div>            <div class=\"pt-vd-line\"><\/div>                <div class=\"pt-vd-icon icon-end\">                    <svg xmlns=\"http:\/\/www.w3.org\/2000\/svg\" viewBox=\"0 0 31.06 29.67\">\n                        <path d=\"M36.53,21.85,31.78,18s-7.5.83-9.68,16.39C22.1,34.34,25.7,21.66,36.53,21.85Z\" transform=\"translate(-5.47 -4.66)\"><\/path>\n                        <path class=\"cls-1\" d=\"M5.47,21.85,10.22,18s7.5.83,9.68,16.39C19.9,34.34,16.3,21.66,5.47,21.85Z\" transform=\"translate(-5.47 -4.66)\"><\/path>\n                        <polygon class=\"cls-1\" points=\"15.53 0 18.66 6.56 15.53 22.16 12.39 6.56 15.53 0\"><\/polygon>\n                    <\/svg>                <\/div>        <\/div>\t\t\t\t<\/div>\n\t\t\t\t<\/div>\n\t\t\t\t\t<\/div>\n\t\t<\/div>\n\t\t\t\t<div class=\"elementor-column elementor-col-33 elementor-top-column elementor-element elementor-element-708b0cb\" data-id=\"708b0cb\" data-element_type=\"column\" data-e-type=\"column\">\n\t\t\t<div class=\"elementor-widget-wrap elementor-element-populated\">\n\t\t\t\t\t\t<div class=\"elementor-element elementor-element-5bfa6bca elementor-widget elementor-widget-image\" data-id=\"5bfa6bca\" data-element_type=\"widget\" data-e-type=\"widget\" data-widget_type=\"image.default\">\n\t\t\t\t<div class=\"elementor-widget-container\">\n\t\t\t\t\t\t\t\t\t\t\t\t\t\t\t<img fetchpriority=\"high\" decoding=\"async\" width=\"400\" height=\"600\" src=\"https:\/\/divinumgastroteka.com\/wp-content\/uploads\/2022\/11\/divinum-gastroteka_contacto.png\" class=\"attachment-large size-large wp-image-7696\" alt=\"\" srcset=\"https:\/\/divinumgastroteka.com\/wp-content\/uploads\/2022\/11\/divinum-gastroteka_contacto.png 400w, https:\/\/divinumgastroteka.com\/wp-content\/uploads\/2022\/11\/divinum-gastroteka_contacto-200x300.png 200w, https:\/\/divinumgastroteka.com\/wp-content\/uploads\/2022\/11\/divinum-gastroteka_contacto-370x555.png 370w, https:\/\/divinumgastroteka.com\/wp-content\/uploads\/2022\/11\/divinum-gastroteka_contacto-255x383.png 255w\" sizes=\"(max-width: 400px) 100vw, 400px\" \/>\t\t\t\t\t\t\t\t\t\t\t\t\t\t\t<\/div>\n\t\t\t\t<\/div>\n\t\t\t\t\t<\/div>\n\t\t<\/div>\n\t\t\t\t\t<\/div>\n\t\t<\/section>\n\t\t\t\t<section class=\"elementor-section elementor-top-section elementor-element elementor-element-79657f7 elementor-section-boxed elementor-section-height-default elementor-section-height-default\" data-id=\"79657f7\" data-element_type=\"section\" data-e-type=\"section\">\n\t\t\t\t\t\t<div class=\"elementor-container elementor-column-gap-default\">\n\t\t\t\t\t<div class=\"elementor-column elementor-col-100 elementor-top-column elementor-element elementor-element-0670614\" data-id=\"0670614\" data-element_type=\"column\" data-e-type=\"column\">\n\t\t\t<div class=\"elementor-widget-wrap elementor-element-populated\">\n\t\t\t\t\t\t<div class=\"elementor-element elementor-element-d46fd1a elementor-widget elementor-widget-spacer\" data-id=\"d46fd1a\" data-element_type=\"widget\" data-e-type=\"widget\" data-widget_type=\"spacer.default\">\n\t\t\t\t<div class=\"elementor-widget-container\">\n\t\t\t\t\t\t\t<div class=\"elementor-spacer\">\n\t\t\t<div class=\"elementor-spacer-inner\"><\/div>\n\t\t<\/div>\n\t\t\t\t\t\t<\/div>\n\t\t\t\t<\/div>\n\t\t\t\t\t<\/div>\n\t\t<\/div>\n\t\t\t\t\t<\/div>\n\t\t<\/section>\n\t\t\t\t<\/div>\n\t\t","protected":false},"excerpt":{"rendered":"<p>Contactez-nous emplacement O\u00f9 nous trouver D\u00e9couvrez toute notre offre gastronomique et r\u00e9servez votre place chez nous ! Isabel II.a Etorb., 4, 20011 Donostia, Gipuzkoa 943 45 79 40 info@divinumgastroteka.com Google Maps<\/p>\n","protected":false},"author":1,"featured_media":0,"parent":0,"menu_order":0,"comment_status":"closed","ping_status":"closed","template":"template-wide-content.php","meta":{"patiotime_single_page_hide_site_header":"","patiotime_single_page_site_header_source":"","patiotime_single_page_custom_site_header":"0","patiotime_single_page_custom_sticky_site_header":"0","patiotime_single_page_hide_page_title":"","patiotime_single_page_header_section_size":"","patiotime_single_page_header_background_color":"","patiotime_single_page_header_background_position_x":"center","patiotime_single_page_header_background_position_y":"center","patiotime_single_page_header_background_size":"cover","patiotime_single_page_header_background_repeat":"off","patiotime_single_page_header_background_scroll":"on","patiotime_single_page_header_text_color":"","patiotime_single_page_header_show_breadcrumb":"","patiotime_single_page_site_footer_hide_main":"","patiotime_single_custom_site_footer_main_source":"","patiotime_single_custom_site_footer_main":"0","patiotime_single_page_site_footer_hide_above":"","patiotime_single_custom_site_footer_above_source":"","patiotime_single_custom_site_footer_above":"0","patiotime_single_page_site_footer_hide_instagram":"","patiotime_single_page_site_footer_hide_bottom":"","patiotime_single_custom_mobile_menu_source":"","patiotime_single_custom_mobile_menu":"0","patiotime_single_custom_mobile_menu_animation":"","patiotime_single_custom_mobile_menu_width":"","patiotime_single_custom_mobile_menu_custom_width":375,"footnotes":""},"class_list":["post-8326","page","type-page","status-publish","hentry"],"yoast_head":"<!-- This site is optimized with the Yoast SEO plugin v26.9 - https:\/\/yoast.com\/product\/yoast-seo-wordpress\/ -->\n<title>Contactez Divinum Gastroteka dans le quartier Amara<\/title>\n<meta name=\"description\" content=\"Nous sommes situ\u00e9s \u00e0 Amara o\u00f9 vous pourrez profiter d\u2019une large offre gastronomique. D\u00e9couvrez notre contact et r\u00e9servez votre table.\" \/>\n<meta name=\"robots\" content=\"index, follow, max-snippet:-1, max-image-preview:large, max-video-preview:-1\" \/>\n<link rel=\"canonical\" href=\"https:\/\/divinumgastroteka.com\/fr\/contact\/\" \/>\n<meta property=\"og:locale\" content=\"fr_FR\" \/>\n<meta property=\"og:type\" content=\"article\" \/>\n<meta property=\"og:title\" content=\"Contactez Divinum Gastroteka dans le quartier Amara\" \/>\n<meta property=\"og:description\" content=\"Nous sommes situ\u00e9s \u00e0 Amara o\u00f9 vous pourrez profiter d\u2019une large offre gastronomique. D\u00e9couvrez notre contact et r\u00e9servez votre table.\" \/>\n<meta property=\"og:url\" content=\"https:\/\/divinumgastroteka.com\/fr\/contact\/\" \/>\n<meta property=\"og:site_name\" content=\"Divinum Gastroteka\" \/>\n<meta property=\"article:modified_time\" content=\"2024-01-11T08:57:09+00:00\" \/>\n<meta property=\"og:image\" content=\"https:\/\/divinumgastroteka.com\/wp-content\/uploads\/2022\/11\/divinum-gastroteka_contacto.png\" \/>\n<meta name=\"twitter:card\" content=\"summary_large_image\" \/>\n<script type=\"application\/ld+json\" class=\"yoast-schema-graph\">{\"@context\":\"https:\/\/schema.org\",\"@graph\":[{\"@type\":\"WebPage\",\"@id\":\"https:\/\/divinumgastroteka.com\/fr\/contact\/\",\"url\":\"https:\/\/divinumgastroteka.com\/fr\/contact\/\",\"name\":\"Contactez Divinum Gastroteka dans le quartier Amara\",\"isPartOf\":{\"@id\":\"https:\/\/divinumgastroteka.com\/fr\/#website\"},\"primaryImageOfPage\":{\"@id\":\"https:\/\/divinumgastroteka.com\/fr\/contact\/#primaryimage\"},\"image\":{\"@id\":\"https:\/\/divinumgastroteka.com\/fr\/contact\/#primaryimage\"},\"thumbnailUrl\":\"https:\/\/divinumgastroteka.com\/wp-content\/uploads\/2022\/11\/divinum-gastroteka_contacto.png\",\"datePublished\":\"2022-04-05T13:54:45+00:00\",\"dateModified\":\"2024-01-11T08:57:09+00:00\",\"description\":\"Nous sommes situ\u00e9s \u00e0 Amara o\u00f9 vous pourrez profiter d\u2019une large offre gastronomique. D\u00e9couvrez notre contact et r\u00e9servez votre table.\",\"breadcrumb\":{\"@id\":\"https:\/\/divinumgastroteka.com\/fr\/contact\/#breadcrumb\"},\"inLanguage\":\"fr-FR\",\"potentialAction\":[{\"@type\":\"ReadAction\",\"target\":[\"https:\/\/divinumgastroteka.com\/fr\/contact\/\"]}]},{\"@type\":\"ImageObject\",\"inLanguage\":\"fr-FR\",\"@id\":\"https:\/\/divinumgastroteka.com\/fr\/contact\/#primaryimage\",\"url\":\"https:\/\/divinumgastroteka.com\/wp-content\/uploads\/2022\/11\/divinum-gastroteka_contacto.png\",\"contentUrl\":\"https:\/\/divinumgastroteka.com\/wp-content\/uploads\/2022\/11\/divinum-gastroteka_contacto.png\"},{\"@type\":\"BreadcrumbList\",\"@id\":\"https:\/\/divinumgastroteka.com\/fr\/contact\/#breadcrumb\",\"itemListElement\":[{\"@type\":\"ListItem\",\"position\":1,\"name\":\"Home\",\"item\":\"https:\/\/divinumgastroteka.com\/fr\/\"},{\"@type\":\"ListItem\",\"position\":2,\"name\":\"Contact\"}]},{\"@type\":\"WebSite\",\"@id\":\"https:\/\/divinumgastroteka.com\/fr\/#website\",\"url\":\"https:\/\/divinumgastroteka.com\/fr\/\",\"name\":\"Divinum Gastroteka\",\"description\":\"\",\"publisher\":{\"@id\":\"https:\/\/divinumgastroteka.com\/fr\/#organization\"},\"potentialAction\":[{\"@type\":\"SearchAction\",\"target\":{\"@type\":\"EntryPoint\",\"urlTemplate\":\"https:\/\/divinumgastroteka.com\/fr\/?s={search_term_string}\"},\"query-input\":{\"@type\":\"PropertyValueSpecification\",\"valueRequired\":true,\"valueName\":\"search_term_string\"}}],\"inLanguage\":\"fr-FR\"},{\"@type\":\"Organization\",\"@id\":\"https:\/\/divinumgastroteka.com\/fr\/#organization\",\"name\":\"Divinum Gastroteka\",\"url\":\"https:\/\/divinumgastroteka.com\/fr\/\",\"logo\":{\"@type\":\"ImageObject\",\"inLanguage\":\"fr-FR\",\"@id\":\"https:\/\/divinumgastroteka.com\/fr\/#\/schema\/logo\/image\/\",\"url\":\"https:\/\/divinumgastroteka.com\/wp-content\/uploads\/2022\/09\/cropped-logo.png\",\"contentUrl\":\"https:\/\/divinumgastroteka.com\/wp-content\/uploads\/2022\/09\/cropped-logo.png\",\"width\":390,\"height\":427,\"caption\":\"Divinum Gastroteka\"},\"image\":{\"@id\":\"https:\/\/divinumgastroteka.com\/fr\/#\/schema\/logo\/image\/\"}}]}<\/script>\n<!-- \/ Yoast SEO plugin. -->","yoast_head_json":{"title":"Contactez Divinum Gastroteka dans le quartier Amara","description":"Nous sommes situ\u00e9s \u00e0 Amara o\u00f9 vous pourrez profiter d\u2019une large offre gastronomique. D\u00e9couvrez notre contact et r\u00e9servez votre table.","robots":{"index":"index","follow":"follow","max-snippet":"max-snippet:-1","max-image-preview":"max-image-preview:large","max-video-preview":"max-video-preview:-1"},"canonical":"https:\/\/divinumgastroteka.com\/fr\/contact\/","og_locale":"fr_FR","og_type":"article","og_title":"Contactez Divinum Gastroteka dans le quartier Amara","og_description":"Nous sommes situ\u00e9s \u00e0 Amara o\u00f9 vous pourrez profiter d\u2019une large offre gastronomique. D\u00e9couvrez notre contact et r\u00e9servez votre table.","og_url":"https:\/\/divinumgastroteka.com\/fr\/contact\/","og_site_name":"Divinum Gastroteka","article_modified_time":"2024-01-11T08:57:09+00:00","og_image":[{"url":"https:\/\/divinumgastroteka.com\/wp-content\/uploads\/2022\/11\/divinum-gastroteka_contacto.png","type":"","width":"","height":""}],"twitter_card":"summary_large_image","schema":{"@context":"https:\/\/schema.org","@graph":[{"@type":"WebPage","@id":"https:\/\/divinumgastroteka.com\/fr\/contact\/","url":"https:\/\/divinumgastroteka.com\/fr\/contact\/","name":"Contactez Divinum Gastroteka dans le quartier Amara","isPartOf":{"@id":"https:\/\/divinumgastroteka.com\/fr\/#website"},"primaryImageOfPage":{"@id":"https:\/\/divinumgastroteka.com\/fr\/contact\/#primaryimage"},"image":{"@id":"https:\/\/divinumgastroteka.com\/fr\/contact\/#primaryimage"},"thumbnailUrl":"https:\/\/divinumgastroteka.com\/wp-content\/uploads\/2022\/11\/divinum-gastroteka_contacto.png","datePublished":"2022-04-05T13:54:45+00:00","dateModified":"2024-01-11T08:57:09+00:00","description":"Nous sommes situ\u00e9s \u00e0 Amara o\u00f9 vous pourrez profiter d\u2019une large offre gastronomique. D\u00e9couvrez notre contact et r\u00e9servez votre table.","breadcrumb":{"@id":"https:\/\/divinumgastroteka.com\/fr\/contact\/#breadcrumb"},"inLanguage":"fr-FR","potentialAction":[{"@type":"ReadAction","target":["https:\/\/divinumgastroteka.com\/fr\/contact\/"]}]},{"@type":"ImageObject","inLanguage":"fr-FR","@id":"https:\/\/divinumgastroteka.com\/fr\/contact\/#primaryimage","url":"https:\/\/divinumgastroteka.com\/wp-content\/uploads\/2022\/11\/divinum-gastroteka_contacto.png","contentUrl":"https:\/\/divinumgastroteka.com\/wp-content\/uploads\/2022\/11\/divinum-gastroteka_contacto.png"},{"@type":"BreadcrumbList","@id":"https:\/\/divinumgastroteka.com\/fr\/contact\/#breadcrumb","itemListElement":[{"@type":"ListItem","position":1,"name":"Home","item":"https:\/\/divinumgastroteka.com\/fr\/"},{"@type":"ListItem","position":2,"name":"Contact"}]},{"@type":"WebSite","@id":"https:\/\/divinumgastroteka.com\/fr\/#website","url":"https:\/\/divinumgastroteka.com\/fr\/","name":"Divinum Gastroteka","description":"","publisher":{"@id":"https:\/\/divinumgastroteka.com\/fr\/#organization"},"potentialAction":[{"@type":"SearchAction","target":{"@type":"EntryPoint","urlTemplate":"https:\/\/divinumgastroteka.com\/fr\/?s={search_term_string}"},"query-input":{"@type":"PropertyValueSpecification","valueRequired":true,"valueName":"search_term_string"}}],"inLanguage":"fr-FR"},{"@type":"Organization","@id":"https:\/\/divinumgastroteka.com\/fr\/#organization","name":"Divinum Gastroteka","url":"https:\/\/divinumgastroteka.com\/fr\/","logo":{"@type":"ImageObject","inLanguage":"fr-FR","@id":"https:\/\/divinumgastroteka.com\/fr\/#\/schema\/logo\/image\/","url":"https:\/\/divinumgastroteka.com\/wp-content\/uploads\/2022\/09\/cropped-logo.png","contentUrl":"https:\/\/divinumgastroteka.com\/wp-content\/uploads\/2022\/09\/cropped-logo.png","width":390,"height":427,"caption":"Divinum Gastroteka"},"image":{"@id":"https:\/\/divinumgastroteka.com\/fr\/#\/schema\/logo\/image\/"}}]}},"_links":{"self":[{"href":"https:\/\/divinumgastroteka.com\/fr\/wp-json\/wp\/v2\/pages\/8326","targetHints":{"allow":["GET"]}}],"collection":[{"href":"https:\/\/divinumgastroteka.com\/fr\/wp-json\/wp\/v2\/pages"}],"about":[{"href":"https:\/\/divinumgastroteka.com\/fr\/wp-json\/wp\/v2\/types\/page"}],"author":[{"embeddable":true,"href":"https:\/\/divinumgastroteka.com\/fr\/wp-json\/wp\/v2\/users\/1"}],"replies":[{"embeddable":true,"href":"https:\/\/divinumgastroteka.com\/fr\/wp-json\/wp\/v2\/comments?post=8326"}],"version-history":[{"count":4,"href":"https:\/\/divinumgastroteka.com\/fr\/wp-json\/wp\/v2\/pages\/8326\/revisions"}],"predecessor-version":[{"id":8371,"href":"https:\/\/divinumgastroteka.com\/fr\/wp-json\/wp\/v2\/pages\/8326\/revisions\/8371"}],"wp:attachment":[{"href":"https:\/\/divinumgastroteka.com\/fr\/wp-json\/wp\/v2\/media?parent=8326"}],"curies":[{"name":"wp","href":"https:\/\/api.w.org\/{rel}","templated":true}]}}